{"id":255,"date":"2016-05-23T10:30:24","date_gmt":"2016-05-23T10:30:24","guid":{"rendered":"http:\/\/test.kriesi.at\/enfold-health-coach\/?page_id=255"},"modified":"2016-05-23T10:30:24","modified_gmt":"2016-05-23T10:30:24","slug":"iletisim","status":"publish","type":"page","link":"https:\/\/eski.semraalhanakademi.com\/?page_id=255","title":{"rendered":"\u0130leti\u015fim"},"content":{"rendered":"<\/div><\/div><\/div><!-- close content main div --><\/div><\/div><div id='welcome' class='av-layout-grid-container entry-content-wrapper main_color av-fixed-cells  container_wrap sidebar_right'   >\n<div class=\"flex_cell no_margin av_one_fourth   av-zero-padding \" style='height:15px; min-height:15px;vertical-align:top; padding:0px; background-color:#8e8e8e; '><div class='flex_cell_inner' ><\/div><\/div><div class=\"flex_cell no_margin av_one_fourth   av-zero-padding \" style='height:15px; min-height:15px;vertical-align:top; padding:0px; background-color:#707070; '><div class='flex_cell_inner' ><\/div><\/div><div class=\"flex_cell no_margin av_one_fourth   av-zero-padding \" style='height:15px; min-height:15px;vertical-align:top; padding:0px; background-color:#5e5e5e; '><div class='flex_cell_inner' ><\/div><\/div><div class=\"flex_cell no_margin av_one_fourth   av-zero-padding \" style='height:15px; min-height:15px;vertical-align:top; padding:0px; background-color:#000000; '><div class='flex_cell_inner' ><\/div><\/div>\n<\/div>\n<div id='av_gmap_1' class='avia-google-map-container' data-mapid='1' style='height: 500px;'><\/div>\n<\/div><\/div><\/div><!-- close content main div --><\/div><\/div><div id='hello' class='av-layout-grid-container entry-content-wrapper main_color av-flex-cells  container_wrap sidebar_right'   >\n<div class=\"flex_cell no_margin av_two_fifth   \" style='vertical-align:top; padding:100px; '><div class='flex_cell_inner' ><p><div style='padding-bottom:30px;font-size:70px;' class='av-special-heading av-special-heading-h1  blockquote modern-quote  av-inherit-size'><h1 class='av-special-heading-tag'  itemprop=\"headline\"  ><u>\u0130leti\u015fim<\/u><\/h1><div class='special-heading-border'><div class='special-heading-inner-border' ><\/div><\/div><\/div><br \/>\n<section class=\"av_textblock_section\"  itemscope=\"itemscope\" itemtype=\"https:\/\/schema.org\/CreativeWork\" ><div class='avia_textblock '   itemprop=\"text\" ><p><strong>Adres:\u00a0<\/strong>Fahri Kayahan Bulvar\u0131 Turgut \u00d6zal Mh.<\/p>\n<p>I\u015f\u0131k Evleri Alt\u0131 No: 53\/C Ye\u015filyurt &#8211; Malatya<\/p>\n<p>Telefon:\u00a00422 212 12 11<\/p>\n<p>E-posta: <a href=\"mailto:info@semraalhanakademi.com\">info@semraalhanakademi.com<\/a><\/p>\n<\/div><\/section><br \/>\n<div style='height:20px' class='hr hr-invisible '><span class='hr-inner ' ><span class='hr-inner-style'><\/span><\/span><\/div><br \/>\n<section class=\"av_textblock_section\"  itemscope=\"itemscope\" itemtype=\"https:\/\/schema.org\/CreativeWork\" ><div class='avia_textblock '  style='font-size:29px; '  itemprop=\"text\" ><p><span style=\"text-decoration: underline;\">Topluma evrensel dans\u0131n ula\u015fmas\u0131n\u0131 sa\u011flamak, dansa bak\u0131\u015f a\u00e7\u0131s\u0131n\u0131 geli\u015ftirmek, toplumun geli\u015fmesine katk\u0131da bulunmak, yarat\u0131c\u0131 ve \u00fcretken d\u00fc\u015f\u00fcnebilen \u00e7ocuklar ile gen\u00e7ler yeti\u015ftirmektir.<\/span><\/p>\n<\/div><\/section><\/p>\n<\/div><\/div><div class=\"flex_cell no_margin av_three_fifth   avia-full-stretch \" style='vertical-align:top; padding:50px; background-color:#636363; '><div class='flex_cell_inner' ><div class=\"flex_column av_one_full  avia-full-contain flex_column_div first  \" style='padding:50px; background-color:#ffffff; border-radius:0px; '><form action=\"https:\/\/eski.semraalhanakademi.com\/?page_id=255\" method=\"post\"  class=\"avia_ajax_form av-form-labels-visible   \" data-avia-form-id=\"1\" data-avia-redirect=''><fieldset><h3>Harekete Ge\u00e7in<\/h3><p class=' first_form  form_element form_element_half' id='element_avia_1_1'><label for=\"avia_1_1\">Ad - Soyad  <abbr class=\"required\" title=\"required\">*<\/abbr><\/label> <input name=\"avia_1_1\" class=\"text_input is_empty\" type=\"text\" id=\"avia_1_1\" value=\"\" \/><\/p><p class=' form_element form_element_half' id='element_avia_2_1'><label for=\"avia_2_1\">E-Posta <abbr class=\"required\" title=\"required\">*<\/abbr><\/label> <input name=\"avia_2_1\" class=\"text_input is_email\" type=\"text\" id=\"avia_2_1\" value=\"\" \/><\/p><p class=' first_form  form_element form_fullwidth' id='element_avia_3_1'><label for=\"avia_3_1\">Konu <abbr class=\"required\" title=\"required\">*<\/abbr><\/label> <input name=\"avia_3_1\" class=\"text_input is_empty\" type=\"text\" id=\"avia_3_1\" value=\"\" \/><\/p><p class=' first_form  form_element form_fullwidth av-last-visible-form-element' id='element_avia_4_1'>\t <label for=\"avia_4_1\" class=\"textare_label hidden textare_label_avia_4_1\">Mesaj\u0131n\u0131z <abbr class=\"required\" title=\"required\">*<\/abbr><\/label>\t <textarea  name=\"avia_4_1\" class=\"text_area is_empty\" cols=\"40\" rows=\"7\" id=\"avia_4_1\" ><\/textarea><\/p><p class=\"hidden\"><input type=\"text\" name=\"avia_5_1\" class=\"hidden \" id=\"avia_5_1\" value=\"\" \/><\/p><p class=\"form_element \"><input type=\"hidden\" value=\"1\" name=\"avia_generated_form1\" \/><input type=\"submit\" value=\"G\u00f6nder\" class=\"button\"  data-sending-label=\"Sending\"\/><\/p><\/fieldset><\/form><div id=\"ajaxresponse_1\" class=\"ajaxresponse ajaxresponse_1 hidden\"><\/div><\/div>\n<\/div><\/div>\n<\/div>\n<\/div><\/div><\/div><!-- close content main div --><\/div><\/div><div id='welcome' class='av-layout-grid-container entry-content-wrapper main_color av-fixed-cells  container_wrap sidebar_right'   >\n<div class=\"flex_cell no_margin av_one_fourth   av-zero-padding \" style='height:15px; min-height:15px;vertical-align:top; padding:0px; background-color:#8e8e8e; '><div class='flex_cell_inner' ><\/div><\/div><div class=\"flex_cell no_margin av_one_fourth   av-zero-padding \" style='height:15px; min-height:15px;vertical-align:top; padding:0px; background-color:#707070; '><div class='flex_cell_inner' ><\/div><\/div><div class=\"flex_cell no_margin av_one_fourth   av-zero-padding \" style='height:15px; min-height:15px;vertical-align:top; padding:0px; background-color:#5e5e5e; '><div class='flex_cell_inner' ><\/div><\/div><div class=\"flex_cell no_margin av_one_fourth   av-zero-padding \" style='height:15px; min-height:15px;vertical-align:top; padding:0px; background-color:#000000; '><div class='flex_cell_inner' ><\/div><\/div>\n<\/div>\n<\/div><\/div><\/div><!-- close content main div --><\/div><\/div><div id='av_section_1' class='avia-section alternate_color avia-section-huge avia-no-border-styling avia-full-stretch av-section-color-overlay-active avia-bg-style-fixed  container_wrap sidebar_right' style = 'background-repeat: no-repeat; background-image: url(http:\/\/test.kriesi.at\/enfold-health-coach\/wp-content\/uploads\/sites\/19\/2016\/05\/complete-healthy-breakfast-m.jpg); background-attachment: fixed; background-position: center center; ' data-section-bg-repeat='stretch' ><div class='av-section-color-overlay-wrap'><div class='av-section-color-overlay' style='opacity: 0.8; background-color: #000000; '><\/div><div class='container' ><div class='template-page content  av-content-small alpha units'><div class='post-entry post-entry-type-page post-entry-255'><div class='entry-content-wrapper clearfix'>\n<div class=\"flex_column av_one_fifth  flex_column_div av-zero-column-padding first  \" style='border-radius:0px; '><\/div><div class=\"flex_column av_three_fifth  flex_column_div av-zero-column-padding   \" style='border-radius:0px; '><p><div style='padding-bottom:20px;font-size:50px;' class='av-special-heading av-special-heading-h1  blockquote modern-quote modern-centered  av-inherit-size'><h1 class='av-special-heading-tag'  itemprop=\"headline\"  >Hizmetlerimiz<\/h1><div class='special-heading-border'><div class='special-heading-inner-border' ><\/div><\/div><\/div><br \/>\n<section class=\"av_textblock_section\"  itemscope=\"itemscope\" itemtype=\"https:\/\/schema.org\/CreativeWork\" ><div class='avia_textblock '   itemprop=\"text\" ><p style=\"text-align: center;\">D\u00fcnya danslar\u0131yla birlikte Anadolu danslar\u0131n\u0131n da \u00f6\u011fretilmesi ve uygulanmas\u0131n\u0131 hedefleyen merkezde, yaln\u0131z dans de\u011fil sa\u011fl\u0131kl\u0131 ya\u015faman\u0131z i\u00e7in gerekli olan egzersiz programlar\u0131 ve seminerleriyle de katk\u0131 sa\u011flamay\u0131 ama\u00e7lamaktad\u0131r.<\/p>\n<\/div><\/section><br \/>\n<div style='height:20px' class='hr hr-invisible '><span class='hr-inner ' ><span class='hr-inner-style'><\/span><\/span><\/div><br \/>\n<div class='avia-button-wrap avia-button-center '><a href='https:\/\/eski.semraalhanakademi.com\/?page_id=257' class='avia-button av-icon-on-hover avia-icon_select-yes-right-icon avia-color-light avia-size-large avia-position-center '   ><span class='avia_iconbox_title' >Detay<\/span><span class='avia_button_icon avia_button_icon_right' aria-hidden='true' data-av_icon='\ue879' data-av_iconfont='entypo-fontello'><\/span><\/a><\/div><\/p><\/div><div class=\"flex_column av_one_fifth  flex_column_div av-zero-column-padding   \" style='border-radius:0px; '><\/div>\n<\/div><\/div><\/div><!-- close content main div --><\/div><\/div><\/div><div id='after_section_1' class='main_color av_default_container_wrap container_wrap sidebar_right'   ><div class='container' ><div class='template-page content  av-content-small alpha units'><div class='post-entry post-entry-type-page post-entry-255'><div class='entry-content-wrapper clearfix'>\n","protected":false},"excerpt":{"rendered":"","protected":false},"author":1,"featured_media":0,"parent":0,"menu_order":0,"comment_status":"closed","ping_status":"closed","template":"","meta":[],"_links":{"self":[{"href":"https:\/\/eski.semraalhanakademi.com\/index.php?rest_route=\/wp\/v2\/pages\/255"}],"collection":[{"href":"https:\/\/eski.semraalhanakademi.com\/index.php?rest_route=\/wp\/v2\/pages"}],"about":[{"href":"https:\/\/eski.semraalhanakademi.com\/index.php?rest_route=\/wp\/v2\/types\/page"}],"author":[{"embeddable":true,"href":"https:\/\/eski.semraalhanakademi.com\/index.php?rest_route=\/wp\/v2\/users\/1"}],"replies":[{"embeddable":true,"href":"https:\/\/eski.semraalhanakademi.com\/index.php?rest_route=%2Fwp%2Fv2%2Fcomments&post=255"}],"version-history":[{"count":0,"href":"https:\/\/eski.semraalhanakademi.com\/index.php?rest_route=\/wp\/v2\/pages\/255\/revisions"}],"wp:attachment":[{"href":"https:\/\/eski.semraalhanakademi.com\/index.php?rest_route=%2Fwp%2Fv2%2Fmedia&parent=255"}],"curies":[{"name":"wp","href":"https:\/\/api.w.org\/{rel}","templated":true}]}}