{"id":143,"date":"2016-05-19T17:13:20","date_gmt":"2016-05-19T17:13:20","guid":{"rendered":"http:\/\/test.kriesi.at\/enfold-health-coach\/?page_id=143"},"modified":"2016-05-19T17:13:20","modified_gmt":"2016-05-19T17:13:20","slug":"anasayfa","status":"publish","type":"page","link":"https:\/\/eski.semraalhanakademi.com\/","title":{"rendered":"Anasayfa"},"content":{"rendered":"<div id='fullscreen_slider_0' class='avia-fullscreen-slider main_color  container_wrap sidebar_right'   ><a href='#next-section' title='' class='scroll-down-link av-control-hidden' aria-hidden='true' data-av_icon='\ue877' data-av_iconfont='entypo-fontello'><\/a><div  data-size='no scaling'  data-lightbox_size='large'  data-animation='fade'  data-ids='402,403,404,405,406,374'  data-video_counter='0'  data-autoplay='true'  data-bg_slider='true'  data-slide_height='100'  data-handle='av_fullscreen'  data-interval='7'  data-class=' '  data-css_id='fullscreen_slider_0'  data-scroll_down='aviaTBscroll_down'  data-control_layout='av-control-hidden'  data-custom_markup=''  data-perma_caption='aviaTBperma_caption'  data-autoplay_stopper=''  data-image_attachment=''  data-min_height='0px'  data-stretch=''  class='avia-slideshow avia-slideshow-1 av-slider-scroll-down-active av-control-hidden avia-slideshow-no scaling av_fullscreen   avia-fade-slider '  itemscope=\"itemscope\" itemtype=\"https:\/\/schema.org\/ImageObject\" ><ul class='avia-slideshow-inner' ><\/ul><\/div><\/div>\n<\/div><\/div><\/div><!-- close content main div --><\/div><\/div><div id='welcome' class='av-layout-grid-container entry-content-wrapper main_color av-fixed-cells  container_wrap sidebar_right'   >\n<div class=\"flex_cell no_margin av_one_fourth   av-zero-padding \" style='height:15px; min-height:15px;vertical-align:top; padding:0px; background-color:#ccbdbd; '><div class='flex_cell_inner' ><\/div><\/div><div class=\"flex_cell no_margin av_one_fourth   av-zero-padding \" style='height:15px; min-height:15px;vertical-align:top; padding:0px; background-color:#757575; '><div class='flex_cell_inner' ><\/div><\/div><div class=\"flex_cell no_margin av_one_fourth   av-zero-padding \" style='height:15px; min-height:15px;vertical-align:top; padding:0px; background-color:#383838; '><div class='flex_cell_inner' ><\/div><\/div><div class=\"flex_cell no_margin av_one_fourth   av-zero-padding \" style='height:15px; min-height:15px;vertical-align:top; padding:0px; background-color:#000000; '><div class='flex_cell_inner' ><\/div><\/div>\n<\/div>\n<\/div><\/div><\/div><!-- close content main div --><\/div><\/div><div id='hello' class='av-layout-grid-container entry-content-wrapper main_color av-flex-cells  container_wrap sidebar_right'   >\n<div class=\"flex_cell no_margin av_one_half   \" style='vertical-align:top; padding:100px; '><div class='flex_cell_inner' ><p><div style='padding-bottom:30px;font-size:70px;' class='av-special-heading av-special-heading-h1  blockquote modern-quote   av-inherit-size'><h1 class='av-special-heading-tag'  itemprop=\"headline\"  >Semra Alhan <u>Akademi<\/u> <\/h1><div class='special-heading-border'><div class='special-heading-inner-border' ><\/div><\/div><\/div><br \/>\n<section class=\"av_textblock_section\"  itemscope=\"itemscope\" itemtype=\"https:\/\/schema.org\/CreativeWork\" ><div class='avia_textblock '   itemprop=\"text\" ><p>Modern dans, 20. y\u00fczy\u0131l\u0131n ba\u015flar\u0131nda balenin de\u011fi\u015fmez kurallar\u0131na tepki olarak geli\u015fen bir dans t\u00fcr\u00fcd\u00fcr. Bu dans, hemen her t\u00fcr m\u00fczi\u011fe uydurulabilir. Yeni hareket stilleri yaratmak i\u00e7in di\u011fer dans hareketleriyle birle\u015ftirilebilir. Modern dansta ama\u00e7, v\u00fccudun do\u011fal duru\u015fundan yararlanmakt\u0131r.<\/p>\n<p>2. D\u00fcnya sava\u015f\u0131n\u0131n ba\u015flar\u0131ndan itibaren yap\u0131lmaya ba\u015flanm\u0131\u015ft\u0131r. O zamanlar sadece bir dans t\u00fcr\u00fc olarak g\u00f6r\u00fclen modern dans \u015fimdi dinlendiricidir ve her m\u00fczik t\u00fcr\u00fcne ayak uydurabilir.<\/p>\n<\/div><\/section><br \/>\n<div style='height:20px' class='hr hr-invisible '><span class='hr-inner ' ><span class='hr-inner-style'><\/span><\/span><\/div><br \/>\n<section class=\"av_textblock_section\"  itemscope=\"itemscope\" itemtype=\"https:\/\/schema.org\/CreativeWork\" ><div class='avia_textblock '  style='font-size:29px; '  itemprop=\"text\" ><p><span style=\"text-decoration: underline;\">Dans ve spor kurslar\u0131m\u0131z kay\u0131tlar\u0131 i\u00e7in ileti\u015fime ge\u00e7iniz.<\/span><\/p>\n<\/div><\/section><\/p>\n<\/div><\/div><div class=\"flex_cell no_margin av_one_half   avia-full-stretch \" style='vertical-align:top; padding:100px; background-color:#707070; '><div class='flex_cell_inner' ><p><div style='padding-bottom:30px;color:#ffffff;font-size:70px;' class='av-special-heading av-special-heading-h1 custom-color-heading blockquote modern-quote   av-inherit-size'><h1 class='av-special-heading-tag'  itemprop=\"headline\"  >Hakk\u0131m\u0131zda<\/h1><div class='special-heading-border'><div class='special-heading-inner-border' style='border-color:#ffffff'><\/div><\/div><\/div><br \/>\n<div class=\"flex_column av_one_full  flex_column_div av-zero-column-padding first  \" style='border-radius:0px; '><p><section class=\"av_textblock_section\"  itemscope=\"itemscope\" itemtype=\"https:\/\/schema.org\/CreativeWork\" ><div class='avia_textblock  av_inherit_color'  style='color:#ffffff; '  itemprop=\"text\" ><p>T\u00fcrkiye\u2019nin \u00f6nde gelen dans e\u011fitmenleri aras\u0131nda yer alan Semra Alhan kurucu e\u011fitmenli\u011fini yapt\u0131\u011f\u0131 Semra Alhan Akademi, 7\u2019den 70\u2019e herkesin kendinden bir \u015feyler bulabilece\u011fi, sosyalle\u015fip dans edebilece\u011fi dans\u0131 ve sporu temel alan bir e\u011fitim anlay\u0131\u015f\u0131na sahiptir.<\/p>\n<\/div><\/section><br \/>\n<div class='avia-button-wrap avia-button-left '><a href='https:\/\/eski.semraalhanakademi.com\/?page_id=253' class='avia-button av-icon-on-hover avia-icon_select-yes-right-icon avia-color-light avia-size-large avia-position-left '   ><span class='avia_iconbox_title' >Detay<\/span><span class='avia_button_icon avia_button_icon_right' aria-hidden='true' data-av_icon='\ue879' data-av_iconfont='entypo-fontello'><\/span><\/a><\/div><\/p><\/div><div style='height:160px' class='hr hr-invisible '><span class='hr-inner ' ><span class='hr-inner-style'><\/span><\/span><\/div><\/p>\n<\/div><\/div>\n<\/div>\n<\/div><\/div><\/div><!-- close content main div --><\/div><\/div><div id='welcome' class='av-layout-grid-container entry-content-wrapper main_color av-fixed-cells  container_wrap sidebar_right'   >\n<div class=\"flex_cell no_margin av_one_fifth   av-zero-padding \" style='height:15px; min-height:15px;vertical-align:top; padding:0px; background-color:#b5b5b5; '><div class='flex_cell_inner' ><\/div><\/div><div class=\"flex_cell no_margin av_three_fifth   \" style='height:15px; min-height:15px;vertical-align:middle; padding:50px 20px 50px 20px ; background-color:#5b5b5b; '><div class='flex_cell_inner' ><div style='padding-bottom:0px;color:#ffffff;font-size:50px;' class='av-special-heading av-special-heading-h1 custom-color-heading blockquote modern-quote modern-centered  av-inherit-size'><h1 class='av-special-heading-tag'  itemprop=\"headline\"  >Kurslar\u0131m\u0131z<\/h1><div class='special-heading-border'><div class='special-heading-inner-border' style='border-color:#ffffff'><\/div><\/div><\/div>\n<\/div><\/div><div class=\"flex_cell no_margin av_one_fifth   av-zero-padding \" style='height:15px; min-height:15px;vertical-align:top; padding:0px; background-color:#232323; '><div class='flex_cell_inner' ><\/div><\/div>\n<\/div>\n<div id='av-masonry-1' class='av-masonry noHover av-fixed-size av-large-gap av-hover-overlay-active av-masonry-col-3 av-caption-on-hover-hide av-caption-style-overlay   ' style='background-color:#686868; ' ><div class='av-masonry-container isotope av-js-disabled ' ><div class='av-masonry-entry isotope-item av-masonry-item-no-image '><\/div><a href=\"https:\/\/eski.semraalhanakademi.com\/?portfolio=zumba\" id='av-masonry-1-item-365' data-av-masonry-item='365' class='av-masonry-entry isotope-item post-365 portfolio type-portfolio status-publish has-post-thumbnail hentry portfolio_entries-service  av-masonry-item-no-image' title=\"Zumba\"  itemscope=\"itemscope\" itemtype=\"https:\/\/schema.org\/CreativeWork\" ><div class='av-inner-masonry-sizer'><\/div><figure class='av-inner-masonry main_color'><figcaption class='av-inner-masonry-content site-background'><div class='av-inner-masonry-content-pos'><div class='av-inner-masonry-content-pos-content'><div class='avia-arrow'><\/div><h3 class='av-masonry-entry-title entry-title'  itemprop=\"headline\" >Zumba<\/h3><\/div><\/div><\/figcaption><\/figure><\/a><!--end av-masonry entry--><a href=\"https:\/\/eski.semraalhanakademi.com\/?portfolio=physical-health\" id='av-masonry-1-item-363' data-av-masonry-item='363' class='av-masonry-entry isotope-item post-363 portfolio type-portfolio status-publish has-post-thumbnail hentry portfolio_entries-service  av-masonry-item-no-image' title=\"Physical Health\"  itemscope=\"itemscope\" itemtype=\"https:\/\/schema.org\/CreativeWork\" ><div class='av-inner-masonry-sizer'><\/div><figure class='av-inner-masonry main_color'><figcaption class='av-inner-masonry-content site-background'><div class='av-inner-masonry-content-pos'><div class='av-inner-masonry-content-pos-content'><div class='avia-arrow'><\/div><h3 class='av-masonry-entry-title entry-title'  itemprop=\"headline\" >Physical Health<\/h3><\/div><\/div><\/figcaption><\/figure><\/a><!--end av-masonry entry--><a href=\"https:\/\/eski.semraalhanakademi.com\/?portfolio=nutrition\" id='av-masonry-1-item-364' data-av-masonry-item='364' class='av-masonry-entry isotope-item post-364 portfolio type-portfolio status-publish has-post-thumbnail hentry portfolio_entries-service  av-masonry-item-no-image' title=\"Nutrition\"  itemscope=\"itemscope\" itemtype=\"https:\/\/schema.org\/CreativeWork\" ><div class='av-inner-masonry-sizer'><\/div><figure class='av-inner-masonry main_color'><figcaption class='av-inner-masonry-content site-background'><div class='av-inner-masonry-content-pos'><div class='av-inner-masonry-content-pos-content'><div class='avia-arrow'><\/div><h3 class='av-masonry-entry-title entry-title'  itemprop=\"headline\" >Nutrition<\/h3><\/div><\/div><\/figcaption><\/figure><\/a><!--end av-masonry entry--><\/div><\/div>\n<\/div><\/div><\/div><!-- close content main div --><\/div><\/div><div id='av_section_1' class='avia-section main_color avia-section-huge avia-no-shadow avia-bg-style-scroll  container_wrap sidebar_right' style = 'background-repeat: no-repeat; background-image: url(http:\/\/test.kriesi.at\/enfold-health-coach\/wp-content\/uploads\/sites\/19\/2016\/05\/food-bg-3.jpg); background-attachment: scroll; background-position: bottom right; ' data-section-bg-repeat='no-repeat' ><div class='container' ><div class='template-page content  av-content-small alpha units'><div class='post-entry post-entry-type-page post-entry-143'><div class='entry-content-wrapper clearfix'>\n<div class=\"flex_column av_one_third  flex_column_div av-zero-column-padding first  \" style='border-radius:0px; '><article class=\"iconbox iconbox_left_content   \"  itemscope=\"itemscope\" itemtype=\"https:\/\/schema.org\/CreativeWork\" ><div class=\"iconbox_icon heading-color\" aria-hidden='true' data-av_icon='\ue8dd' data-av_iconfont='entypo-fontello'  ><\/div><div class=\"iconbox_content\"><header class=\"entry-content-header\"><h3 class='iconbox_content_title'  itemprop=\"headline\"  >Zumba<\/h3><\/header><div class='iconbox_content_container '  itemprop=\"text\"  ><p>Her \u015fark\u0131ya g\u00f6re farkl\u0131 haz\u0131rlanm\u0131\u015f koreografilerle s\u0131k\u0131lmadan devam edece\u011finiz bir sa\u011fl\u0131k program\u0131n\u0131 olu\u015fturabileceksiniz.<\/p>\n<\/div><\/div><footer class=\"entry-footer\"><\/footer><\/article><\/div><div class=\"flex_column av_one_third  flex_column_div av-zero-column-padding   \" style='border-radius:0px; '><article class=\"iconbox iconbox_left_content   \"  itemscope=\"itemscope\" itemtype=\"https:\/\/schema.org\/CreativeWork\" ><div class=\"iconbox_icon heading-color\" aria-hidden='true' data-av_icon='\ue817' data-av_iconfont='entypo-fontello'  ><\/div><div class=\"iconbox_content\"><header class=\"entry-content-header\"><h3 class='iconbox_content_title'  itemprop=\"headline\"  >Pilates<\/h3><\/header><div class='iconbox_content_container '  itemprop=\"text\"  ><p>Pilates, bedenin dengeli tutulmas\u0131na yard\u0131mc\u0131 olan ve omurgay\u0131 desteklemekte \u00f6nemli i\u015flevi olan temel kaslar \u00fczerine yo\u011funla\u015fan bir egzersiz program\u0131d\u0131r. \u0130\u00e7erisinde nefes egzersizleri de bulunmaktad\u0131r.<\/p>\n<\/div><\/div><footer class=\"entry-footer\"><\/footer><\/article><\/div><div class=\"flex_column av_one_third  flex_column_div av-zero-column-padding   \" style='border-radius:0px; '><article class=\"iconbox iconbox_left_content   \"  itemscope=\"itemscope\" itemtype=\"https:\/\/schema.org\/CreativeWork\" ><div class=\"iconbox_icon heading-color\" aria-hidden='true' data-av_icon='\ue826' data-av_iconfont='entypo-fontello'  ><\/div><div class=\"iconbox_content\"><header class=\"entry-content-header\"><h3 class='iconbox_content_title'  itemprop=\"headline\"  >Reformer<\/h3><\/header><div class='iconbox_content_container '  itemprop=\"text\"  ><p>Reformer; genel diren\u00e7, esneklik, koordinasyon ve denge d\u00e2hil, pilatesin en bilindik faydalar\u0131n\u0131n t\u00fcm\u00fcn\u00fc bir arada sunar. Bunun kar\u015f\u0131l\u0131\u011f\u0131nda bu aletler, daha iyi duru\u015f, zarif, etkin hareket ve \u00e7o\u011fu insan i\u00e7in s\u0131rt a\u011fr\u0131s\u0131 gibi fiziki dengesizliklerle ili\u015fkili a\u011fr\u0131lardan ar\u0131nma gibi faydalar sunar.<\/p>\n<\/div><\/div><footer class=\"entry-footer\"><\/footer><\/article><\/div><div class=\"flex_column av_one_third  flex_column_div av-zero-column-padding first  \" style='border-radius:0px; '><article class=\"iconbox iconbox_left_content   \"  itemscope=\"itemscope\" itemtype=\"https:\/\/schema.org\/CreativeWork\" ><div class=\"iconbox_icon heading-color\" aria-hidden='true' data-av_icon='\ue837' data-av_iconfont='entypo-fontello'  ><\/div><div class=\"iconbox_content\"><header class=\"entry-content-header\"><h3 class='iconbox_content_title'  itemprop=\"headline\"  >Tango<\/h3><\/header><div class='iconbox_content_container '  itemprop=\"text\"  ><p>Siz de bu tutku dolu tango dans\u0131n\u0131 hayat\u0131n\u0131z\u0131n bir par\u00e7as\u0131 haline getirerek, sizler i\u00e7in haz\u0131rlad\u0131\u011f\u0131m\u0131z ortamlarda, tango gecelerinde, pratiklerde, ulusal ve uluslararas\u0131 festivallerde, d\u00fczenlenen \u00f6zel organizasyonlarda ve sahnede sergileyin.<\/p>\n<\/div><\/div><footer class=\"entry-footer\"><\/footer><\/article><\/div><div class=\"flex_column av_one_third  flex_column_div av-zero-column-padding   \" style='border-radius:0px; '><article class=\"iconbox iconbox_left_content   \"  itemscope=\"itemscope\" itemtype=\"https:\/\/schema.org\/CreativeWork\" ><div class=\"iconbox_icon heading-color\" aria-hidden='true' data-av_icon='\ue923' data-av_iconfont='entypo-fontello'  ><\/div><div class=\"iconbox_content\"><header class=\"entry-content-header\"><h3 class='iconbox_content_title'  itemprop=\"headline\"  >Salsa<\/h3><\/header><div class='iconbox_content_container '  itemprop=\"text\"  ><p>Arjantin Tangosu da Latin k\u00f6kenli bir salon ve halk dans\u0131d\u0131r, ancak kendisi hem stil hem bir spor dal\u0131 olarak ba\u011f\u0131ms\u0131z bir kategoridir<\/p>\n<\/div><\/div><footer class=\"entry-footer\"><\/footer><\/article><\/div><div class=\"flex_column av_one_third  flex_column_div av-zero-column-padding   \" style='border-radius:0px; '><article class=\"iconbox iconbox_left_content   \"  itemscope=\"itemscope\" itemtype=\"https:\/\/schema.org\/CreativeWork\" ><div class=\"iconbox_icon heading-color\" aria-hidden='true' data-av_icon='\ue8d2' data-av_iconfont='entypo-fontello'  ><\/div><div class=\"iconbox_content\"><header class=\"entry-content-header\"><h3 class='iconbox_content_title'  itemprop=\"headline\"  >D\u00fc\u011f\u00fcn dans\u0131<\/h3><\/header><div class='iconbox_content_container '  itemprop=\"text\"  ><p>\u00d6m\u00fcr boyu ak\u0131lda kalan, mutlu foto\u011fraflara yans\u0131yan evlilik t\u00f6reni i\u00e7in t\u00fcm detaylar aylar \u00f6ncesinden \u00f6zenle haz\u0131rlan\u0131yor.<\/p>\n<\/div><\/div><footer class=\"entry-footer\"><\/footer><\/article><\/div>\n<\/div><\/div><\/div><!-- close content main div --><\/div><\/div><div id='after_section_1' class='main_color av_default_container_wrap container_wrap sidebar_right'   ><div class='container' ><div class='template-page content  av-content-small alpha units'><div class='post-entry post-entry-type-page post-entry-143'><div class='entry-content-wrapper clearfix'>\n<\/div><\/div><\/div><!-- close content main div --><\/div><\/div><div id='av-layout-grid-4' class='av-layout-grid-container entry-content-wrapper main_color av-flex-cells  container_wrap sidebar_right'   >\n<div class=\"flex_cell no_margin av_one_half   avia-full-stretch av-zero-padding \" style='vertical-align:middle; padding:0px; '><div class='flex_cell_inner' ><\/div><\/div><div class=\"flex_cell no_margin av_one_half   \" style='vertical-align:middle; padding:100px; background-color:#f7f7f7; '><div class='flex_cell_inner' ><p><div style='padding-bottom:20px;font-size:50px;' class='av-special-heading av-special-heading-h1  blockquote modern-quote  av-inherit-size'><h1 class='av-special-heading-tag'  itemprop=\"headline\"  ><u>Bale<\/u><\/h1><div class='special-heading-border'><div class='special-heading-inner-border' ><\/div><\/div><\/div><br \/>\n<section class=\"av_textblock_section\"  itemscope=\"itemscope\" itemtype=\"https:\/\/schema.org\/CreativeWork\" ><div class='avia_textblock '   itemprop=\"text\" ><div class=\"col-xs-12 col-md-12\">Bale dans\u0131, mimik, m\u00fczik, duygu ve dekor sanatlar\u0131n\u0131n ileri standartda birle\u015ftirilerek kullanan bir tiyatro g\u00f6sterisi olarak tan\u0131mlanabilir. As\u0131l eleman olarak kullan\u0131lan dans asl\u0131nda \u0130talyanca \u201cdans\u201d anlam\u0131na gelen \u201cballo\u201d ya da \u201cballetto\u201d s\u00f6zc\u00fc\u011f\u00fcnden t\u00fcretilmi\u015ftir.<\/div>\n<div class=\"col-xs-6 col-md-12\">\u0130lk bale g\u00f6sterisi olarak 1581 y\u0131l\u0131 g\u00f6sterilir. Sanatsal anlamda bale, ilk zamanlar sadece saraylarda ve erkeklerin sundu\u011fu bir g\u00f6steri olsa da, 17. yy sonlar\u0131na do\u011fru tiyatro sahnelerinde halka a\u00e7\u0131k olarak g\u00f6sterilmeye ba\u015flanm\u0131\u015f ve bayan dans\u00e7\u0131larda baleye dahil edilmi\u015ftir.<\/div>\n<\/div><\/section><\/p>\n<\/div><\/div>\n<\/div>\n<\/div><\/div><\/div><!-- close content main div --><\/div><\/div><div id='welcome' class='av-layout-grid-container entry-content-wrapper main_color av-fixed-cells  container_wrap sidebar_right'   >\n<div class=\"flex_cell no_margin av_one_fourth   av-zero-padding \" style='height:15px; min-height:15px;vertical-align:top; padding:0px; background-color:#a5a5a5; '><div class='flex_cell_inner' ><\/div><\/div><div class=\"flex_cell no_margin av_one_fourth   av-zero-padding \" style='height:15px; min-height:15px;vertical-align:top; padding:0px; background-color:#848484; '><div class='flex_cell_inner' ><\/div><\/div><div class=\"flex_cell no_margin av_one_fourth   av-zero-padding \" style='height:15px; min-height:15px;vertical-align:top; padding:0px; background-color:#606060; '><div class='flex_cell_inner' ><\/div><\/div><div class=\"flex_cell no_margin av_one_fourth   av-zero-padding \" style='height:15px; min-height:15px;vertical-align:top; padding:0px; background-color:#000000; '><div class='flex_cell_inner' ><\/div><\/div>\n<\/div>\n<\/div><\/div><\/div><!-- close content main div --><\/div><\/div><div id='av_section_2' class='avia-section alternate_color avia-section-huge avia-no-border-styling avia-full-stretch av-section-color-overlay-active avia-bg-style-fixed  container_wrap sidebar_right' style = 'background-repeat: no-repeat; background-image: url(http:\/\/test.kriesi.at\/enfold-health-coach\/wp-content\/uploads\/sites\/19\/2016\/05\/cheese.jpg); background-attachment: fixed; background-position: center center; ' data-section-bg-repeat='stretch' ><div class='av-section-color-overlay-wrap'><div class='av-section-color-overlay' style='opacity: 0.8; background-color: #000000; '><\/div><div class='container' ><div class='template-page content  av-content-small alpha units'><div class='post-entry post-entry-type-page post-entry-143'><div class='entry-content-wrapper clearfix'>\n<div class=\"flex_column av_one_fifth  flex_column_div av-zero-column-padding first  \" style='border-radius:0px; '><\/div><div class=\"flex_column av_three_fifth  flex_column_div av-zero-column-padding   \" style='border-radius:0px; '><p><div style='padding-bottom:20px;font-size:50px;' class='av-special-heading av-special-heading-h1  blockquote modern-quote modern-centered   av-inherit-size'><h1 class='av-special-heading-tag'  itemprop=\"headline\"  >Bize Ula\u015f\u0131n<\/h1><div class='special-heading-border'><div class='special-heading-inner-border' ><\/div><\/div><\/div><br \/>\n<section class=\"av_textblock_section\"  itemscope=\"itemscope\" itemtype=\"https:\/\/schema.org\/CreativeWork\" ><div class='avia_textblock '   itemprop=\"text\" ><h4 style=\"text-align: center;\">HAREKETE GE\u00c7\u0130N<\/h4>\n<p style=\"text-align: center;\">Kendinizi ve \u00c7o\u00e7uklar\u0131n\u0131z\u0131n \u00a0sosyal geli\u015fmesi i\u00e7in harekete ge\u00e7in!<\/p>\n<\/div><\/section><br \/>\n<div style='height:20px' class='hr hr-invisible '><span class='hr-inner ' ><span class='hr-inner-style'><\/span><\/span><\/div><br \/>\n<div class='avia-button-wrap avia-button-center '><a href='https:\/\/eski.semraalhanakademi.com\/?page_id=255' class='avia-button av-icon-on-hover avia-icon_select-yes-right-icon avia-color-light avia-size-large avia-position-center '   ><span class='avia_iconbox_title' >ileti\u015fim<\/span><span class='avia_button_icon avia_button_icon_right' aria-hidden='true' data-av_icon='\ue805' data-av_iconfont='entypo-fontello'><\/span><\/a><\/div><\/p><\/div><div class=\"flex_column av_one_fifth  flex_column_div av-zero-column-padding   \" style='border-radius:0px; '><\/div><\/div><\/div><\/div><!-- close content main div --><\/div><\/div><\/div><div id='after_section_2' class='main_color av_default_container_wrap container_wrap sidebar_right'   ><div class='container' ><div class='template-page content  av-content-small alpha units'><div class='post-entry post-entry-type-page post-entry-143'><div class='entry-content-wrapper clearfix'>\n","protected":false},"excerpt":{"rendered":"","protected":false},"author":1,"featured_media":0,"parent":0,"menu_order":0,"comment_status":"closed","ping_status":"closed","template":"","meta":[],"_links":{"self":[{"href":"https:\/\/eski.semraalhanakademi.com\/index.php?rest_route=\/wp\/v2\/pages\/143"}],"collection":[{"href":"https:\/\/eski.semraalhanakademi.com\/index.php?rest_route=\/wp\/v2\/pages"}],"about":[{"href":"https:\/\/eski.semraalhanakademi.com\/index.php?rest_route=\/wp\/v2\/types\/page"}],"author":[{"embeddable":true,"href":"https:\/\/eski.semraalhanakademi.com\/index.php?rest_route=\/wp\/v2\/users\/1"}],"replies":[{"embeddable":true,"href":"https:\/\/eski.semraalhanakademi.com\/index.php?rest_route=%2Fwp%2Fv2%2Fcomments&post=143"}],"version-history":[{"count":0,"href":"https:\/\/eski.semraalhanakademi.com\/index.php?rest_route=\/wp\/v2\/pages\/143\/revisions"}],"wp:attachment":[{"href":"https:\/\/eski.semraalhanakademi.com\/index.php?rest_route=%2Fwp%2Fv2%2Fmedia&parent=143"}],"curies":[{"name":"wp","href":"https:\/\/api.w.org\/{rel}","templated":true}]}}